{"id":1329,"date":"2018-03-23T17:33:55","date_gmt":"2018-03-23T16:33:55","guid":{"rendered":"https:\/\/associmpp.club\/?page_id=1329"},"modified":"2026-03-23T15:37:04","modified_gmt":"2026-03-23T14:37:04","slug":"a-propos","status":"publish","type":"page","link":"https:\/\/associmpp.club\/?page_id=1329","title":{"rendered":"A propos &#8230;"},"content":{"rendered":"<p style=\"text-align: center;\"><span style=\"font-family: times new roman, times, serif; font-size: 20px;\"><strong><span style=\"font-size: 24px;\">Notre objectif !<\/span><br \/>\n<\/strong><\/span><\/p>\n<p style=\"text-align: center;\"><span style=\"font-family: times new roman, times, serif; font-size: 20px;\"><strong>Depuis l&#8217;origine, de rassembler toutes les personnes, des s\u00e9niors aux plus jeunes, r\u00e9sidentes du Plessis P\u00e2t\u00e9, de l\u2019Agglom\u00e9ration du Coeur d\u2019Essonne ou autres, int\u00e9ress\u00e9es par les nouvelles technologies, \u00e0 toutes ses techniques connexes actuelles et futures afin de leur apporter une v\u00e9ritable &#8220;culture informatique et num\u00e9rique&#8221;<\/strong><\/span><\/p>\n<p style=\"text-align: center;\"><span style=\"font-family: times new roman, times, serif; font-size: 24px;\"><strong>Ce Club \u00a0 <a href=\"https:\/\/associmpp.club\/wp-content\/uploads\/2022\/02\/Cimpp20220224-Sequence-1-1.mov\" target=\"_blank\" rel=\"noopener\"><img decoding=\"async\" class=\"alignnone wp-image-4531\" src=\"https:\/\/associmpp.club\/wp-content\/uploads\/2022\/02\/gif-clignotant-47-150x150.gif\" alt=\"\" width=\"85\" height=\"85\" \/><\/a>\u00a0 <a href=\"https:\/\/associmpp.club\/wp-content\/uploads\/2022\/02\/Cimpp20220224-Sequence-1-1.mov\" target=\"_blank\" rel=\"noopener\"><img decoding=\"async\" class=\"wp-image-562 alignnone\" src=\"https:\/\/associmpp.club\/wp-content\/uploads\/2017\/10\/mouse-159568__180-150x99.png\" alt=\"\" width=\"95\" height=\"63\" \/><\/a><br \/>\n<\/strong><\/span><\/p>\n<p style=\"text-align: center;\"><span style=\"font-family: times new roman, times, serif; font-size: 20px;\"><strong>Est avant tout un lieu d\u2019\u00e9changes de connaissances anim\u00e9 par des professionnels b\u00e9n\u00e9voles.<\/strong><\/span><\/p>\n<p style=\"text-align: center;\"><span style=\"font-family: times new roman, times, serif; font-size: 28px;\"><strong>Vid\u00e9o CIM.PP<\/strong><\/span><\/p>\n<p><strong><span style=\"font-family: times new roman, times, serif; font-size: 20px;\">Comme pour beaucoup d\u2019organisations du m\u00eame type, l\u2019objectif du club informatique <span style=\"font-size: 24px; color: #3366ff;\">CIM.PP <\/span>a \u00e9t\u00e9 de vulgariser l\u2019outil informatique de sorte que tout un chacun puisse et sache l\u2019utiliser.<\/span><\/strong><\/p>\n<p><strong><span style=\"font-family: times new roman, times, serif; font-size: 20px;\">Les premi\u00e8res associations comme la n\u00f4tre ont vu le jour fin des ann\u00e9es 80 avec les m\u00eames objectifs en expliquant entre-autres\u00a0:<\/span><\/strong><\/p>\n<ul>\n<li><strong><span style=\"font-family: times new roman, times, serif; font-size: 20px;\">Qu\u2019est-ce qu\u2019un ordinateur, une tablette&#8230;.<br \/>\n<\/span><\/strong><\/li>\n<li><strong><span style=\"font-family: times new roman, times, serif; font-size: 20px;\">Comment se servir du clavier et de la souris<\/span><\/strong><\/li>\n<li><strong><span style=\"font-family: times new roman, times, serif; font-size: 20px;\">Taper un courrier<\/span><\/strong><\/li>\n<li><strong><span style=\"font-family: times new roman, times, serif; font-size: 20px;\">Envoyer recevoir des mails<\/span><\/strong><\/li>\n<li><strong><span style=\"font-family: times new roman, times, serif; font-size: 20px;\">Utiliser un tableur<\/span><\/strong><\/li>\n<li><strong><span style=\"font-family: times new roman, times, serif; font-size: 20px;\">Bien utiliser internet<\/span><\/strong>\n<ul>\n<li><strong><span style=\"font-family: times new roman, times, serif; font-size: 20px;\">Imp\u00f4ts<\/span><\/strong><\/li>\n<li><strong><span style=\"font-family: times new roman, times, serif; font-size: 20px;\">Demande de passeport, de CNI, de carte grise<\/span><\/strong><\/li>\n<li><strong><span style=\"font-family: times new roman, times, serif; font-size: 20px;\">Consulter ses comptes<\/span><\/strong><\/li>\n<li><strong><span style=\"font-family: times new roman, times, serif; font-size: 20px;\">\u2026.<\/span><\/strong><\/li>\n<\/ul>\n<\/li>\n<li><strong><span style=\"font-family: times new roman, times, serif; font-size: 20px;\">\u2026..<\/span><\/strong><\/li>\n<\/ul>\n<p><strong><span style=\"font-family: times new roman, times, serif; font-size: 20px;\">A l\u2019aide de m\u00e9thodes adapt\u00e9es par les informaticiens pour les s\u00e9niors entre autres, \u00a0m\u00e9thodes\u00a0 plus ou moins discutables selon les cas.<\/span><\/strong><\/p>\n<p><strong><span style=\"font-family: times new roman, times, serif; font-size: 20px;\">Le <span style=\"font-size: 24px; color: #3366ff;\">CIM.PP<\/span> n\u2019a pas \u00e9chapp\u00e9 \u00e0 la r\u00e8gle en t\u00e2tonnant parfois sur les m\u00e9thodes \u00e0 adopter sur le\u00a0 contenu et l\u2019orientation des sessions, donnant lieu parfois \u00e0 des discussions muscl\u00e9es, voire anim\u00e9es. Toutes ces formations \u00e9taient en majorit\u00e9 orient\u00e9es s\u00e9niors.<\/span><\/strong><\/p>\n<p><strong><span style=\"font-family: times new roman, times, serif; font-size: 20px;\">Nous sommes maintenant pass\u00e9s dans une autre dimension, celle du monde num\u00e9rique, du monde connect\u00e9. \u00a0De \u00a0plus les g\u00e9n\u00e9rations se succ\u00e8dent et n\u2019ont pas les m\u00eames besoins &#8211; (les s\u00e9niors des ann\u00e9es 2020 ne sont pas ceux des ann\u00e9es 2000 ou 80, c\u2019est une \u00e9vidence).<\/span><\/strong><\/p>\n<p><strong><span style=\"font-family: times new roman, times, serif; font-size: 20px;\">Le r\u00f4le d\u2019un club comme le n\u00f4tre ne va plus \u00eatre de former (au sens o\u00f9 nous l\u2019avons fait jusqu\u2019\u00e0 pr\u00e9sent), mais plut\u00f4t de guider en informant.<\/span><\/strong><\/p>\n<p><strong><span style=\"font-family: times new roman, times, serif; font-size: 20px;\">Nous avons d\u00e9j\u00e0 entam\u00e9 cette mutation depuis 2019 en abandonnant partiellement tous les cycles type, bureautique, syst\u00e8me, photos, etc.., et en les rempla\u00e7ant par des micros-ateliers assortis de :<\/span><\/strong><\/p>\n<ul>\n<li style=\"text-align: left;\"><strong><span style=\"font-family: times new roman, times, serif; font-size: 20px;\">Fiches pratiques<\/span><\/strong><\/li>\n<li style=\"text-align: left;\"><strong><span style=\"font-family: times new roman, times, serif; font-size: 20px;\">M\u00e9mos<\/span><\/strong><\/li>\n<li style=\"text-align: left;\"><strong><span style=\"font-family: times new roman, times, serif; font-size: 20px;\">Tutos<\/span><\/strong><\/li>\n<li style=\"text-align: left;\"><strong><span style=\"font-family: times new roman, times, serif; font-size: 20px;\">Vid\u00e9os<\/span><\/strong><\/li>\n<\/ul>\n<p style=\"text-align: center;\"><strong><span style=\"font-family: times new roman, times, serif; font-size: 20px;\"><span style=\"font-size: 24px;\">\u00a0Les besoins \u00e0 venir en mati\u00e8re de formation<\/span><br \/>\n<\/span><\/strong><\/p>\n<p><strong><span style=\"font-family: times new roman, times, serif; font-size: 20px;\">Il est clair que la g\u00e9n\u00e9ration actuelle et les futurs s\u00e9niors n\u2019auront pas besoin de formations telles que dispens\u00e9es jusqu&#8217;\u00e0 pr\u00e9sent pour leurs a\u00een\u00e9s<\/span><\/strong><\/p>\n<p><strong><span style=\"font-family: times new roman, times, serif; font-size: 20px;\">Dans ces conditions quelle va \u00eatre notre mission\u00a0?\u00a0 certes, \u00a0sur le fond elle ne va pas changer, par contre sur\u00a0 la forme, radicalement\u00a0!<\/span><\/strong><\/p>\n<p>&nbsp;<\/p>\n<p>&nbsp;<\/p>\n<p>&nbsp;<\/p>\n<p>&nbsp;<\/p>\n","protected":false},"excerpt":{"rendered":"<p>Notre objectif ! Depuis l&#8217;origine, de rassembler toutes les personnes, des s\u00e9niors aux plus jeunes, r\u00e9sidentes du Plessis P\u00e2t\u00e9, de l\u2019Agglom\u00e9ration du Coeur d\u2019Essonne ou autres, int\u00e9ress\u00e9es par les nouvelles technologies, \u00e0 toutes ses techniques connexes actuelles et futures afin de leur apporter une v\u00e9ritable &#8220;culture informatique et num\u00e9rique&#8221; Ce Club \u00a0 \u00a0 Est avant tout un lieu d\u2019\u00e9changes de connaissances anim\u00e9 par des professionnels b\u00e9n\u00e9voles. Vid\u00e9o CIM.PP Comme pour beaucoup d\u2019organisations du m\u00eame type, l\u2019objectif du club informatique CIM.PP a \u00e9t\u00e9 de vulgariser l\u2019outil informatique de sorte que tout un chacun puisse et sache\u2026<\/p>\n","protected":false},"author":1,"featured_media":0,"parent":0,"menu_order":0,"comment_status":"open","ping_status":"closed","template":"","meta":{"_acf_changed":false,"_crdt_document":"","_uag_custom_page_level_css":"","footnotes":""},"class_list":["post-1329","page","type-page","status-publish","hentry"],"acf":[],"uagb_featured_image_src":{"full":false,"thumbnail":false,"medium":false,"medium_large":false,"large":false,"1536x1536":false,"2048x2048":false,"post-thumbnail":false,"blog-large":false,"blog-medium":false,"blog-small":false,"related-img":false,"portfolio-one":false,"recent-posts":false,"tabs-img":false,"agama-testimonials":false},"uagb_author_info":{"display_name":"Michel Marrer","author_link":"https:\/\/associmpp.club\/?author=1"},"uagb_comment_info":0,"uagb_excerpt":"Notre objectif ! Depuis l&#8217;origine, de rassembler toutes les personnes, des s\u00e9niors aux plus jeunes, r\u00e9sidentes du Plessis P\u00e2t\u00e9, de l\u2019Agglom\u00e9ration du Coeur d\u2019Essonne ou autres, int\u00e9ress\u00e9es par les nouvelles technologies, \u00e0 toutes ses techniques connexes actuelles et futures afin de leur apporter une v\u00e9ritable &#8220;culture informatique et num\u00e9rique&#8221; Ce Club \u00a0 \u00a0 Est avant\u2026","_links":{"self":[{"href":"https:\/\/associmpp.club\/index.php?rest_route=\/wp\/v2\/pages\/1329","targetHints":{"allow":["GET"]}}],"collection":[{"href":"https:\/\/associmpp.club\/index.php?rest_route=\/wp\/v2\/pages"}],"about":[{"href":"https:\/\/associmpp.club\/index.php?rest_route=\/wp\/v2\/types\/page"}],"author":[{"embeddable":true,"href":"https:\/\/associmpp.club\/index.php?rest_route=\/wp\/v2\/users\/1"}],"replies":[{"embeddable":true,"href":"https:\/\/associmpp.club\/index.php?rest_route=%2Fwp%2Fv2%2Fcomments&post=1329"}],"version-history":[{"count":34,"href":"https:\/\/associmpp.club\/index.php?rest_route=\/wp\/v2\/pages\/1329\/revisions"}],"predecessor-version":[{"id":8808,"href":"https:\/\/associmpp.club\/index.php?rest_route=\/wp\/v2\/pages\/1329\/revisions\/8808"}],"wp:attachment":[{"href":"https:\/\/associmpp.club\/index.php?rest_route=%2Fwp%2Fv2%2Fmedia&parent=1329"}],"curies":[{"name":"wp","href":"https:\/\/api.w.org\/{rel}","templated":true}]}}