{"id":2,"date":"2017-10-06T11:03:01","date_gmt":"2017-10-06T09:03:01","guid":{"rendered":"https:\/\/associmpp.club\/?page_id=2"},"modified":"2025-01-12T11:46:36","modified_gmt":"2025-01-12T10:46:36","slug":"page-d-exemple","status":"publish","type":"page","link":"https:\/\/associmpp.club\/?page_id=2","title":{"rendered":"Espace personnel"},"content":{"rendered":"<h2><\/h2>\n<h2><span style=\"color: #000000;\"><strong><em>Bonjour,<\/em><\/strong><\/span><\/h2>\n<h2><span style=\"color: #000000;\"><strong><em>Bienvenue dans l&rsquo;espace d\u00e9di\u00e9 aux adh\u00e9rents !<\/em><\/strong><\/span><\/h2>\n","protected":false},"excerpt":{"rendered":"<p>Bonjour, Bienvenue dans l&rsquo;espace d\u00e9di\u00e9 aux adh\u00e9rents !<\/p>\n","protected":false},"author":1,"featured_media":0,"parent":0,"menu_order":0,"comment_status":"closed","ping_status":"open","template":"","meta":{"_acf_changed":false,"_crdt_document":"","_uag_custom_page_level_css":"","footnotes":""},"class_list":["post-2","page","type-page","status-publish","hentry"],"acf":[],"uagb_featured_image_src":{"full":false,"thumbnail":false,"medium":false,"medium_large":false,"large":false,"1536x1536":false,"2048x2048":false,"post-thumbnail":false,"blog-large":false,"blog-medium":false,"blog-small":false,"related-img":false,"portfolio-one":false,"recent-posts":false,"tabs-img":false,"agama-testimonials":false},"uagb_author_info":{"display_name":"Michel Marrer","author_link":"https:\/\/associmpp.club\/?author=1"},"uagb_comment_info":0,"uagb_excerpt":"Bonjour, Bienvenue dans l&rsquo;espace d\u00e9di\u00e9 aux adh\u00e9rents !","_links":{"self":[{"href":"https:\/\/associmpp.club\/index.php?rest_route=\/wp\/v2\/pages\/2","targetHints":{"allow":["GET"]}}],"collection":[{"href":"https:\/\/associmpp.club\/index.php?rest_route=\/wp\/v2\/pages"}],"about":[{"href":"https:\/\/associmpp.club\/index.php?rest_route=\/wp\/v2\/types\/page"}],"author":[{"embeddable":true,"href":"https:\/\/associmpp.club\/index.php?rest_route=\/wp\/v2\/users\/1"}],"replies":[{"embeddable":true,"href":"https:\/\/associmpp.club\/index.php?rest_route=%2Fwp%2Fv2%2Fcomments&post=2"}],"version-history":[{"count":13,"href":"https:\/\/associmpp.club\/index.php?rest_route=\/wp\/v2\/pages\/2\/revisions"}],"predecessor-version":[{"id":7626,"href":"https:\/\/associmpp.club\/index.php?rest_route=\/wp\/v2\/pages\/2\/revisions\/7626"}],"wp:attachment":[{"href":"https:\/\/associmpp.club\/index.php?rest_route=%2Fwp%2Fv2%2Fmedia&parent=2"}],"curies":[{"name":"wp","href":"https:\/\/api.w.org\/{rel}","templated":true}]}}