{"id":2617,"date":"2019-09-21T18:23:26","date_gmt":"2019-09-21T16:23:26","guid":{"rendered":"https:\/\/associmpp.club\/?page_id=2617"},"modified":"2023-10-16T18:25:08","modified_gmt":"2023-10-16T16:25:08","slug":"benevolat","status":"publish","type":"page","link":"https:\/\/associmpp.club\/?page_id=2617","title":{"rendered":"B\u00e9n\u00e9volat"},"content":{"rendered":"<p style=\"text-align: center;\"><span style=\"font-family: times new roman, times, serif; font-size: 24px;\"><strong>Le b\u00e9n\u00e9volat<\/strong><\/span><\/p>\n<p><span style=\"font-family: times new roman, times, serif; font-size: 20px;\"><strong>\u00a0&#8220;le b\u00e9n\u00e9vole est celui qui s&#8217;engage librement pour mener \u00e0 bien une action non salari\u00e9e, non soumise \u00e0 l&#8217;obligation de la loi, en dehors de son temps professionnel et familial&#8221;. <\/strong><\/span><\/p>\n<p><span style=\"font-family: times new roman, times, serif; font-size: 20px;\">Un b\u00e9n\u00e9vole est donc une personne non r\u00e9mun\u00e9r\u00e9e qui donne de son temps librement pour une association sans lien de subordination avec elle. Le b\u00e9n\u00e9vole et l&#8217;association sont li\u00e9s par un contrat moral par lequel chacun s&#8217;engage implicitement \u00e0 porter ses responsabilit\u00e9s, \u00e0 se rendre disponible et fiable l&#8217;un pour l&#8217;autre et \u00e0 contribuer \u00e0 la r\u00e9alisation des objectifs du groupe.<\/span><\/p>\n<p style=\"text-align: center;\"><span style=\"font-family: times new roman, times, serif; font-size: 20px;\"><strong>Trouver des b\u00e9n\u00e9voles ?\u00a0\u00a0\u00a0\u00a0 \ud83d\ude44<br \/>\n<\/strong><\/span><\/p>\n<p><span style=\"font-family: times new roman, times, serif; font-size: 20px;\">Nous ne rentrerons pas ici dans une d\u00e9marche \u00e0 l&#8217;identique\u00a0de l&#8217;entreprise retra\u00e7ant les techniques de s\u00e9lection des b\u00e9n\u00e9voles.<\/span><\/p>\n<p><span style=\"font-family: times new roman, times, serif; font-size: 20px;\">Le b\u00e9n\u00e9vole doit rester une rencontre humaine et les diff\u00e9rents tentatives pour vouloir encadrer, s\u00e9lectionner, trier les b\u00e9n\u00e9voles rel\u00e8vent tr\u00e8s largement d&#8217;un d\u00e9voiement de la vie associative, n\u00e9anmoins leur recrutement doit \u00eatre en ad\u00e9quation avec les objectifs et la mission de l\u2019association.<\/span><\/p>\n<p style=\"text-align: center;\"><strong><span style=\"font-family: times new roman, times, serif; font-size: 20px;\">\u00a0L&#8217;adh\u00e9rent est l\u00e0 ! le b\u00e9n\u00e9vole manque !<\/span><\/strong><\/p>\n<p><span style=\"font-family: times new roman, times, serif; font-size: 20px;\">Le Pr\u00e9sident<\/span><\/p>\n<ul style=\"list-style-type: disc;\">\n<li><span style=\"font-family: times new roman, times, serif; font-size: 20px;\"><strong>Vous avez des comp\u00e9tences\u00a0 !<\/strong><\/span><\/li>\n<li><span style=\"font-family: times new roman, times, serif; font-size: 20px;\"><strong>un peu de temps \u00e0 consacrer !<br \/>\n<\/strong><\/span><\/li>\n<\/ul>\n<h2><span style=\"font-family: times new roman, times, serif; font-size: 20px;\"><strong>Venez rejoindre l&#8217;\u00e9quipe de passionn\u00e9s du CIM.PP<\/strong><\/span><\/h2>\n<p><span style=\"font-family: times new roman, times, serif; font-size: 20px;\"><strong>Remplissez et envoyez le questionnaire ci-apr\u00e8s\u00a0 <div class=\"frm_forms  with_frm_style frm_style_style-formidable\" id=\"frm_form_2_container\" >\n<form enctype=\"multipart\/form-data\" method=\"post\" class=\"frm-show-form \" id=\"form_contact-form\" >\n<div class=\"frm_form_fields \">\n<fieldset>\n<legend class=\"frm_hidden\">Contact CIM.PP<\/legend>\r\n<h3 class=\"frm_form_title\">Contact CIM.PP<\/h3>\r\n<div class=\"frm_fields_container\">\n<input type=\"hidden\" name=\"frm_action\" value=\"create\" \/>\n<input type=\"hidden\" name=\"form_id\" value=\"2\" \/>\n<input type=\"hidden\" name=\"frm_hide_fields_2\" id=\"frm_hide_fields_2\" value=\"\" \/>\n<input type=\"hidden\" name=\"form_key\" value=\"contact-form\" \/>\n<input type=\"hidden\" name=\"item_meta[0]\" value=\"\" \/>\n<input type=\"hidden\" id=\"frm_submit_entry_2\" name=\"frm_submit_entry_2\" value=\"44ec286c23\" \/><input type=\"hidden\" name=\"_wp_http_referer\" value=\"\/index.php?rest_route=%2Fwp%2Fv2%2Fpages%2F2617\" \/><div id=\"frm_field_8_container\" class=\"frm_form_field form-field  frm_top_container frm_first frm_half\">\r\n    <label for=\"field_qh4icy2\" class=\"frm_primary_label\">Nom Pr\u00e9nom\r\n        <span class=\"frm_required\"><\/span>\r\n    <\/label>\r\n    <input type=\"text\" id=\"field_qh4icy2\" name=\"item_meta[8]\" value=\"\"  data-invmsg=\"Nom Pr\u00e9nom est non valide\" aria-invalid=\"false\"  \/>\r\n    \r\n    \r\n<\/div>\n<div id=\"frm_field_10_container\" class=\"frm_form_field form-field  frm_required_field frm_top_container frm_full\">\r\n    <label for=\"field_29yf4d2\" class=\"frm_primary_label\">Email\r\n        <span class=\"frm_required\">*<\/span>\r\n    <\/label>\r\n    <input type=\"email\" id=\"field_29yf4d2\" name=\"item_meta[10]\" value=\"\"  data-reqmsg=\"Ce champ ne peut pas \u00eatre vide\" aria-required=\"true\" data-invmsg=\"Please enter a valid email address\" aria-invalid=\"false\"  \/>\r\n    \r\n    \r\n<\/div>\n<div id=\"frm_field_12_container\" class=\"frm_form_field form-field  frm_required_field frm_top_container frm_full\">\r\n    <label for=\"field_e6lis62\" class=\"frm_primary_label\">Objet\r\n        <span class=\"frm_required\">*<\/span>\r\n    <\/label>\r\n    <input type=\"text\" id=\"field_e6lis62\" name=\"item_meta[12]\" value=\"\"  data-reqmsg=\"Ce champ ne peut pas \u00eatre vide\" aria-required=\"true\" data-invmsg=\"Objet est non valide\" aria-invalid=\"false\"  \/>\r\n    \r\n    \r\n<\/div>\n<div id=\"frm_field_13_container\" class=\"frm_form_field form-field  frm_required_field frm_top_container frm_full\">\r\n    <label for=\"field_9jv0r12\" class=\"frm_primary_label\">Message\r\n        <span class=\"frm_required\">*<\/span>\r\n    <\/label>\r\n    <textarea name=\"item_meta[13]\" id=\"field_9jv0r12\" rows=\"5\"  data-reqmsg=\"Ce champ ne peut pas \u00eatre vide\" aria-required=\"true\" data-invmsg=\"Message est non valide\" aria-invalid=\"false\"  ><\/textarea>\r\n    \r\n    \r\n<\/div>\n<div id=\"frm_field_15_container\" class=\"frm_form_field form-field  frm_none_container\">\r\n    <label for=\"g-recaptcha-response\" class=\"frm_primary_label\">reCAPTCHA\r\n        <span class=\"frm_required\"><\/span>\r\n    <\/label>\r\n    \r\n    \r\n    \r\n<\/div>\n<div id=\"frm_field_101_container\" class=\"frm_form_field form-field \">\n\t<div class=\"frm_submit\">\r\n\r\n<button class=\"frm_button_submit\" type=\"submit\"  >Envoyer<\/button>\r\n\r\n<\/div>\n<\/div>\n\t<input type=\"hidden\" name=\"item_key\" value=\"\" \/>\n\t\t\t<div id=\"frm_field_116_container\">\n\t\t\t<label for=\"field_z88rr\" >\n\t\t\t\tSi vous \u00eates un humain, ne remplissez pas ce champ.\t\t\t<\/label>\n\t\t\t<input  id=\"field_z88rr\" type=\"text\" class=\"frm_form_field form-field frm_verify\" name=\"item_meta[116]\" value=\"\"  \/>\n\t\t<\/div>\n\t\t<input name=\"frm_state\" type=\"hidden\" value=\"UN4DNUJSE0gp7t3tG+WZaYm0dTPXXjf4TQELb4FqWZ0=\" \/><\/div>\n<\/fieldset>\n<\/div>\n\n<p style=\"display: none !important;\" class=\"akismet-fields-container\" data-prefix=\"ak_\"><label>&#916;<textarea name=\"ak_hp_textarea\" cols=\"45\" rows=\"8\" maxlength=\"100\"><\/textarea><\/label><input type=\"hidden\" id=\"ak_js_1\" name=\"ak_js\" value=\"202\"\/><script type=\"text\/javascript\">\n\/* <![CDATA[ *\/\ndocument.getElementById( \"ak_js_1\" ).setAttribute( \"value\", ( new Date() ).getTime() );\n\/* ]]> *\/\n<\/script>\n<\/p><\/form>\n<\/div>\n<br \/>\n<\/strong><\/span><\/p>\n<p><span style=\"font-family: times new roman, times, serif; font-size: 20px;\"><strong>Nous avons besoin de vous !<\/strong><\/span><\/p>\n<p><span style=\"font-family: times new roman, times, serif; font-size: 20px;\"><strong>Vous avez envie de transmettre vos connaissances, de concevoir et de mettre en \u0153uvre un projet !<\/strong><\/span><\/p>\n<p><span style=\"font-family: times new roman, times, serif; font-size: 20px;\"><strong>REJOIGNEZ-NOUS !\u00a0\u00a0 <img decoding=\"async\" class=\" wp-image-1028 aligncenter\" src=\"http:\/\/cimpp.fr\/wp-content\/uploads\/2017\/04\/sm8.jpeg\" alt=\"\" width=\"100\" height=\"59\" \/><\/strong><\/span><\/p>\n<p><span style=\"font-family: times new roman, times, serif; font-size: 20px;\"><strong>Vous voulez transmettre votre savoir : de nouveaux animateurs pourront faire partager leurs connaissances en travaillant avec les animateurs actuels, ou en ouvrant leurs propres ateliers.<\/strong><\/span><\/p>\n<p><span style=\"font-family: times new roman, times, serif; font-size: 20px;\"><strong>Le Club n\u2019est pas en reste concernant les projets que nous souhaiterions mettre en place.<\/strong><\/span><\/p>\n<ul>\n<li><span style=\"font-family: times new roman, times, serif; font-size: 20px;\"><strong>Recruter plus de b\u00e9n\u00e9voles afin d&#8217;am\u00e9liorer sans cesse la qualit\u00e9 de service \u00e0 nos adh\u00e9rents<br \/>\n<\/strong><\/span><\/p>\n<ul>\n<li><span style=\"font-family: times new roman, times, serif; font-size: 20px;\"><strong>Supports de cours (fiches, m\u00e9mos, tutos, dossiers, &#8230;)<br \/>\n<\/strong><\/span><\/li>\n<li><strong><span style=\"font-family: times new roman, times, serif; font-size: 20px;\">Site internet<\/span><\/strong><\/li>\n<li><span style=\"font-family: times new roman, times, serif; font-size: 20px;\"><strong>Diversification<\/strong><\/span><\/li>\n<li><span style=\"font-family: times new roman, times, serif; font-size: 20px;\"><strong>Assistance<\/strong><\/span><\/li>\n<li><span style=\"font-family: times new roman, times, serif; font-size: 20px;\"><strong>Souplesse des horaires<\/strong><\/span><\/li>\n<li><span style=\"font-family: times new roman, times, serif; font-size: 20px;\"><strong>Et bien d\u2019autres&#8230;&#8230;<\/strong><\/span><\/li>\n<\/ul>\n<\/li>\n<\/ul>\n<p><span style=\"font-size: 20px;\"><span style=\"font-family: times new roman, times, serif;\"><strong>\u00a0<\/strong><\/span><\/span><\/p>\n","protected":false},"excerpt":{"rendered":"<p>Le b\u00e9n\u00e9volat \u00a0&#8220;le b\u00e9n\u00e9vole est celui qui s&#8217;engage librement pour mener \u00e0 bien une action non salari\u00e9e, non soumise \u00e0 l&#8217;obligation de la loi, en dehors de son temps professionnel et familial&#8221;. Un b\u00e9n\u00e9vole est donc une personne non r\u00e9mun\u00e9r\u00e9e qui donne de son temps librement pour une association sans lien de subordination avec elle. Le b\u00e9n\u00e9vole et l&#8217;association sont li\u00e9s par un contrat moral par lequel chacun s&#8217;engage implicitement \u00e0 porter ses responsabilit\u00e9s, \u00e0 se rendre disponible et fiable l&#8217;un pour l&#8217;autre et \u00e0 contribuer \u00e0 la r\u00e9alisation des objectifs du groupe. Trouver des\u2026<\/p>\n","protected":false},"author":1,"featured_media":0,"parent":0,"menu_order":0,"comment_status":"closed","ping_status":"closed","template":"","meta":{"_acf_changed":false,"_crdt_document":"","_uag_custom_page_level_css":"","footnotes":""},"class_list":["post-2617","page","type-page","status-publish","hentry"],"acf":[],"uagb_featured_image_src":{"full":false,"thumbnail":false,"medium":false,"medium_large":false,"large":false,"1536x1536":false,"2048x2048":false,"post-thumbnail":false,"blog-large":false,"blog-medium":false,"blog-small":false,"related-img":false,"portfolio-one":false,"recent-posts":false,"tabs-img":false,"agama-testimonials":false},"uagb_author_info":{"display_name":"Michel Marrer","author_link":"https:\/\/associmpp.club\/?author=1"},"uagb_comment_info":0,"uagb_excerpt":"Le b\u00e9n\u00e9volat \u00a0&#8220;le b\u00e9n\u00e9vole est celui qui s&#8217;engage librement pour mener \u00e0 bien une action non salari\u00e9e, non soumise \u00e0 l&#8217;obligation de la loi, en dehors de son temps professionnel et familial&#8221;. Un b\u00e9n\u00e9vole est donc une personne non r\u00e9mun\u00e9r\u00e9e qui donne de son temps librement pour une association sans lien de subordination avec elle.\u2026","_links":{"self":[{"href":"https:\/\/associmpp.club\/index.php?rest_route=\/wp\/v2\/pages\/2617","targetHints":{"allow":["GET"]}}],"collection":[{"href":"https:\/\/associmpp.club\/index.php?rest_route=\/wp\/v2\/pages"}],"about":[{"href":"https:\/\/associmpp.club\/index.php?rest_route=\/wp\/v2\/types\/page"}],"author":[{"embeddable":true,"href":"https:\/\/associmpp.club\/index.php?rest_route=\/wp\/v2\/users\/1"}],"replies":[{"embeddable":true,"href":"https:\/\/associmpp.club\/index.php?rest_route=%2Fwp%2Fv2%2Fcomments&post=2617"}],"version-history":[{"count":19,"href":"https:\/\/associmpp.club\/index.php?rest_route=\/wp\/v2\/pages\/2617\/revisions"}],"predecessor-version":[{"id":6165,"href":"https:\/\/associmpp.club\/index.php?rest_route=\/wp\/v2\/pages\/2617\/revisions\/6165"}],"wp:attachment":[{"href":"https:\/\/associmpp.club\/index.php?rest_route=%2Fwp%2Fv2%2Fmedia&parent=2617"}],"curies":[{"name":"wp","href":"https:\/\/api.w.org\/{rel}","templated":true}]}}