{"id":7756,"date":"2025-04-16T13:06:16","date_gmt":"2025-04-16T11:06:16","guid":{"rendered":"https:\/\/associmpp.club\/?page_id=7756"},"modified":"2025-07-28T16:53:43","modified_gmt":"2025-07-28T14:53:43","slug":"windowss-11","status":"publish","type":"page","link":"https:\/\/associmpp.club\/?page_id=7756","title":{"rendered":"Windows 11 &#8211; I.A"},"content":{"rendered":"<h1 style=\"text-align: center;\"><span style=\"font-family: times new roman, times, serif;\"><strong><span style=\"color: #000000;\">Windows 11<\/span><br \/>\n<\/strong><\/span><\/h1>\n<p style=\"text-align: center;\"><span style=\"font-family: times new roman, times, serif; font-size: 20px;\">Le passage \u00e0 <strong>Windows 11<\/strong>, annonc\u00e9 depuis trois ans, repr\u00e9sente un changement significatif dans l&rsquo;environnement informatique.<\/span><\/p>\n<p style=\"text-align: center;\"><span style=\"font-family: times new roman, times, serif; font-size: 20px;\">Au <strong>CIM.PP<\/strong>, nous sommes l\u00e0 pour v<strong>ous accompagner<\/strong> dans cette transition en fonction de votre mat\u00e9riel actuel.<\/span><\/p>\n<p style=\"text-align: center;\"><span style=\"font-family: times new roman, times, serif; font-size: 20px;\">Nous savons aujourd&rsquo;hui qu&rsquo;il est <strong>possible d&rsquo;installer Windows 11 sur un ordinateur ancien,<\/strong> <strong>m\u00eame<\/strong> s&rsquo;il est <strong>th\u00e9oriquement incompatible<\/strong> avec les exigences officielles de Microsoft.<\/span><\/p>\n<p style=\"text-align: center;\"><span style=\"font-family: times new roman, times, serif; font-size: 20px;\">Nous vous donnerons un avis personnalis\u00e9 sur la faisabilit\u00e9 et la pertinence de cette mise \u00e0 niveau pour votre configuration sp\u00e9cifique.<\/span><\/p>\n<p style=\"text-align: center;\"><span style=\"font-family: times new roman, times, serif; font-size: 20px;\"><strong>1 Analyse de compatibilit\u00e9<\/strong> : \u00c9valuation de votre mat\u00e9riel actuel pour d\u00e9terminer s&rsquo;il peut supporter Windows 11 dans de bonnes conditions.<\/span><\/p>\n<p style=\"text-align: center;\"><span style=\"font-family: times new roman, times, serif; font-size: 20px;\"><strong>2 Solutions alternatives<\/strong> : Pr\u00e9sentation des m\u00e9thodes d&rsquo;installation non standard si n\u00e9cessaire.<\/span><\/p>\n<p style=\"text-align: center;\"><span style=\"font-family: times new roman, times, serif; font-size: 20px;\"><strong>3 Accompagnement personnalis\u00e9\u00a0<\/strong>: Assistance compl\u00e8te pendant la migration si vous d\u00e9cidez de franchir le pas.<\/span><\/p>\n<p style=\"text-align: center;\"><span style=\"font-family: times new roman, times, serif; font-size: 20px;\"><strong>4 Formation adapt\u00e9e<\/strong>\u00a0: Initiation aux nouvelles fonctionnalit\u00e9s de Windows 11 apr\u00e8s l&rsquo;installation<\/span><\/p>\n<p style=\"text-align: center;\"><span style=\"font-family: times new roman, times, serif; font-size: 20px;\">Mais que faire si vous ne souhaitez pas passer \u00e0 Windows 11 ? On vous propose de passer \u00e0 Linux !<\/span><\/p>\n<p style=\"text-align: center;\"><span style=\"font-family: times new roman, times, serif; font-size: 20px;\">Certains d\u2019entre vous ont peut-\u00eatre essay\u00e9 Linux il y a quelques ann\u00e9es et en ont gard\u00e9 un cuisant souvenir, d\u2019autres ont abandonn\u00e9 parce qu\u2019il \u00e9tait impossible de jouer sous Linux\u2026 Pourtant, \u00e0 l\u2019heure actuelle, passer \u00e0 Linux n\u2019a jamais \u00e9t\u00e9 aussi simple et facile.<\/span><\/p>\n<p style=\"text-align: center;\"><span style=\"font-family: times new roman, times, serif; font-size: 20px;\"><strong>Pourquoi passer sous Linux ?<\/strong><\/span><\/p>\n<p style=\"text-align: center;\"><span style=\"font-family: times new roman, times, serif; font-size: 20px;\">Il y a de tr\u00e8s nombreuses raisons aujourd\u2019hui pour passer \u00e0 Linux. En voici quelques-unes :<\/span><\/p>\n<p style=\"text-align: center;\"><span style=\"font-family: times new roman, times, serif; font-size: 20px;\"><strong>Linux est gratuit<\/strong>. Pas d\u2019achat de licence, pas de co\u00fbt cach\u00e9, pour toujours.<\/span><\/p>\n<p style=\"text-align: center;\"><span style=\"font-family: times new roman, times, serif; font-size: 20px;\"><strong>Pas d\u2019obsolescence programm\u00e9e<\/strong>. Linux est connu pour consommer peu de ressources (environ 3 fois moins que Windows en moyenne) et donc tourne souvent \u00e9tonnamment bien m\u00eame sur de vieux mat\u00e9riels. Il existe m\u00eame des distributions sp\u00e9cifiques pour faire tourner de tr\u00e8s vieux ordinateurs. Ainsi, des MacBook Air de 12 ans d&rsquo;\u00e2ge peuvent retrouver une activit\u00e9 normale apr\u00e8s une installation de Linux, ce qui permet de naviguer sur Internet avec des logiciels \u00e0 jour. Les ordinateurs n\u2019ayant que quelques ann\u00e9es, qui deviennent lents et pr\u00e9sentent des comportements \u00e9tranges sous Windows, redeviennent g\u00e9n\u00e9ralement rapides et r\u00e9actifs sous Linux.<\/span><\/p>\n<p style=\"text-align: center;\"><span style=\"font-family: times new roman, times, serif; font-size: 20px;\"><strong>Linux est plus s\u00e9curis\u00e9<\/strong>. On trouve des failles de s\u00e9curit\u00e9 dans tous les syst\u00e8mes d\u2019exploitation et Linux n\u2019\u00e9chappe pas \u00e0 la r\u00e8gle, mais la vitesse \u00e0 laquelle les failles identifi\u00e9es sont combl\u00e9es est tr\u00e8s sup\u00e9rieure \u00e0 Windows. Cela offre ainsi une meilleure s\u00e9curit\u00e9 g\u00e9n\u00e9rale pour ses utilisateurs.\u00a0 <\/span><\/p>\n<p style=\"text-align: center;\"><span style=\"font-family: times new roman, times, serif; font-size: 20px;\">Sur ce site, parcourez le menu &lsquo;<strong>Le coin du logiciel libre<\/strong>&lsquo; consacr\u00e9 \u00e0 ce sujet, vous y trouverez tout ce qu&rsquo;il faut pour installer et utiliser une distribution Linux.<\/span><\/p>\n<h1 style=\"text-align: center;\"><strong><span style=\"font-family: times new roman, times, serif; color: #000000;\">L&rsquo;I.A<\/span><\/strong><\/h1>\n<p><span style=\"font-family: times new roman, times, serif; font-size: 20px;\">Allez \u00e0 la d\u00e9couverte de l&rsquo;intelligence artificielle via le menu &lsquo;<strong>Le club I.A<\/strong>&lsquo;<\/span><\/p>\n<p><span style=\"font-family: times new roman, times, serif; font-size: 20px;\">Le Pr\u00e9sident<\/span><\/p>\n","protected":false},"excerpt":{"rendered":"<p>Windows 11 Le passage \u00e0 Windows 11, annonc\u00e9 depuis trois ans, repr\u00e9sente un changement significatif dans l&rsquo;environnement informatique. Au CIM.PP, nous sommes l\u00e0 pour vous accompagner dans cette transition en fonction de votre mat\u00e9riel actuel. Nous savons aujourd&rsquo;hui qu&rsquo;il est possible d&rsquo;installer Windows 11 sur un ordinateur ancien, m\u00eame s&rsquo;il est th\u00e9oriquement incompatible avec les exigences officielles de Microsoft. Nous vous donnerons un avis personnalis\u00e9 sur la faisabilit\u00e9 et la pertinence de cette mise \u00e0 niveau pour votre configuration sp\u00e9cifique. 1 Analyse de compatibilit\u00e9 : \u00c9valuation de votre mat\u00e9riel actuel pour d\u00e9terminer s&rsquo;il peut supporter\u2026<\/p>\n","protected":false},"author":1,"featured_media":0,"parent":0,"menu_order":0,"comment_status":"closed","ping_status":"closed","template":"","meta":{"_acf_changed":false,"_crdt_document":"","_uag_custom_page_level_css":"","footnotes":""},"class_list":["post-7756","page","type-page","status-publish","hentry"],"acf":[],"uagb_featured_image_src":{"full":false,"thumbnail":false,"medium":false,"medium_large":false,"large":false,"1536x1536":false,"2048x2048":false,"post-thumbnail":false,"blog-large":false,"blog-medium":false,"blog-small":false,"related-img":false,"portfolio-one":false,"recent-posts":false,"tabs-img":false,"agama-testimonials":false},"uagb_author_info":{"display_name":"Michel Marrer","author_link":"https:\/\/associmpp.club\/?author=1"},"uagb_comment_info":0,"uagb_excerpt":"Windows 11 Le passage \u00e0 Windows 11, annonc\u00e9 depuis trois ans, repr\u00e9sente un changement significatif dans l&rsquo;environnement informatique. Au CIM.PP, nous sommes l\u00e0 pour vous accompagner dans cette transition en fonction de votre mat\u00e9riel actuel. Nous savons aujourd&rsquo;hui qu&rsquo;il est possible d&rsquo;installer Windows 11 sur un ordinateur ancien, m\u00eame s&rsquo;il est th\u00e9oriquement incompatible avec les\u2026","_links":{"self":[{"href":"https:\/\/associmpp.club\/index.php?rest_route=\/wp\/v2\/pages\/7756","targetHints":{"allow":["GET"]}}],"collection":[{"href":"https:\/\/associmpp.club\/index.php?rest_route=\/wp\/v2\/pages"}],"about":[{"href":"https:\/\/associmpp.club\/index.php?rest_route=\/wp\/v2\/types\/page"}],"author":[{"embeddable":true,"href":"https:\/\/associmpp.club\/index.php?rest_route=\/wp\/v2\/users\/1"}],"replies":[{"embeddable":true,"href":"https:\/\/associmpp.club\/index.php?rest_route=%2Fwp%2Fv2%2Fcomments&post=7756"}],"version-history":[{"count":15,"href":"https:\/\/associmpp.club\/index.php?rest_route=\/wp\/v2\/pages\/7756\/revisions"}],"predecessor-version":[{"id":7909,"href":"https:\/\/associmpp.club\/index.php?rest_route=\/wp\/v2\/pages\/7756\/revisions\/7909"}],"wp:attachment":[{"href":"https:\/\/associmpp.club\/index.php?rest_route=%2Fwp%2Fv2%2Fmedia&parent=7756"}],"curies":[{"name":"wp","href":"https:\/\/api.w.org\/{rel}","templated":true}]}}